{"id":1088,"date":"2021-08-10T08:20:45","date_gmt":"2021-08-10T08:20:45","guid":{"rendered":"https:\/\/www.frankreich-ferien.ch\/newweb\/directions-frankreich-ferien\/"},"modified":"2021-08-31T15:01:14","modified_gmt":"2021-08-31T15:01:14","slug":"directions-frankreich-ferien","status":"publish","type":"page","link":"https:\/\/www.frankreich-ferien.ch\/en\/directions-frankreich-ferien\/","title":{"rendered":"Directions-Frankreich-Ferien"},"content":{"rendered":"\t\t<div data-elementor-type=\"wp-page\" data-elementor-id=\"1088\" class=\"elementor elementor-1088 elementor-767\" data-elementor-post-type=\"page\">\n\t\t\t\t\t\t<section class=\"elementor-section elementor-top-section elementor-element elementor-element-311e7922 elementor-section-boxed elementor-section-height-default elementor-section-height-default\" data-id=\"311e7922\" data-element_type=\"section\" data-e-type=\"section\" data-settings=\"{&quot;background_background&quot;:&quot;classic&quot;}\">\n\t\t\t\t\t\t\t<div class=\"elementor-background-overlay\"><\/div>\n\t\t\t\t\t\t\t<div class=\"elementor-container elementor-column-gap-default\">\n\t\t\t\t\t<div class=\"elementor-column elementor-col-100 elementor-top-column elementor-element elementor-element-62fe544c\" data-id=\"62fe544c\" data-element_type=\"column\" data-e-type=\"column\">\n\t\t\t<div class=\"elementor-widget-wrap elementor-element-populated\">\n\t\t\t\t\t\t<div class=\"elementor-element elementor-element-5a7f6c8e elementor-widget elementor-widget-heading\" data-id=\"5a7f6c8e\" data-element_type=\"widget\" data-e-type=\"widget\" data-widget_type=\"heading.default\">\n\t\t\t\t<div class=\"elementor-widget-container\">\n\t\t\t\t\t<h2 class=\"elementor-heading-title elementor-size-default\">Directions<\/h2>\t\t\t\t<\/div>\n\t\t\t\t<\/div>\n\t\t\t\t<div class=\"elementor-element elementor-element-6acf72f6 elementor-widget elementor-widget-heading\" data-id=\"6acf72f6\" data-element_type=\"widget\" data-e-type=\"widget\" data-widget_type=\"heading.default\">\n\t\t\t\t<div class=\"elementor-widget-container\">\n\t\t\t\t\t<h6 class=\"elementor-heading-title elementor-size-default\">How to find us<\/h6>\t\t\t\t<\/div>\n\t\t\t\t<\/div>\n\t\t\t\t\t<\/div>\n\t\t<\/div>\n\t\t\t\t\t<\/div>\n\t\t<\/section>\n\t\t\t\t<section class=\"elementor-section elementor-top-section elementor-element elementor-element-34a62d5 elementor-section-content-middle elementor-section-boxed elementor-section-height-default elementor-section-height-default\" data-id=\"34a62d5\" data-element_type=\"section\" data-e-type=\"section\">\n\t\t\t\t\t\t<div class=\"elementor-container elementor-column-gap-default\">\n\t\t\t\t\t<div class=\"elementor-column elementor-col-50 elementor-top-column elementor-element elementor-element-d998a4a\" data-id=\"d998a4a\" data-element_type=\"column\" data-e-type=\"column\">\n\t\t\t<div class=\"elementor-widget-wrap elementor-element-populated\">\n\t\t\t\t\t\t<div class=\"elementor-element elementor-element-586e643 elementor-widget elementor-widget-google_maps\" data-id=\"586e643\" data-element_type=\"widget\" data-e-type=\"widget\" data-widget_type=\"google_maps.default\">\n\t\t\t\t<div class=\"elementor-widget-container\">\n\t\t\t\t\t\t\t<div class=\"elementor-custom-embed\">\n\t\t\t<iframe loading=\"lazy\"\n\t\t\t\t\tsrc=\"https:\/\/www.google.com\/maps\/embed\/v1\/place?key=AIzaSyDdiWb3hZS9kcAuAQvFnBqbT1jM1XHxU3g&#038;q=10%20Chemin%20du%20Mas%20de%20Vinson%2C%20F-30350%20Moul%C3%A9zan&#038;zoom=9\"\n\t\t\t\t\ttitle=\"10 Chemin du Mas de Vinson, F-30350 Moul\u00e9zan\"\n\t\t\t\t\taria-label=\"10 Chemin du Mas de Vinson, F-30350 Moul\u00e9zan\"\n\t\t\t><\/iframe>\n\t\t<\/div>\n\t\t\t\t\t\t<\/div>\n\t\t\t\t<\/div>\n\t\t\t\t<div class=\"elementor-element elementor-element-ff92483 elementor-widget elementor-widget-text-editor\" data-id=\"ff92483\" data-element_type=\"widget\" data-e-type=\"widget\" data-widget_type=\"text-editor.default\">\n\t\t\t\t<div class=\"elementor-widget-container\">\n\t\t\t\t\t\t\t\t\t<p><strong>If you like to do some shopping<\/strong> <br \/>(drinks, fruit and snacks, mosquito bugs), we recommend going via la Calmette, where there is a regional vegetable and fruit shop &#8220;Le Petit V\u00e9rger&#8221; and a Casion Supermarch\u00e9.<\/p>\n<p>In N\u00eemes, take the second exit l&#8217;Ouest for Al\u00e8s. After the p\u00e9age<br \/>at the big crossroads, go straight on, direction Al\u00e8s N106. Leave the expressway at the exit la Calmette and take the D936 parallel to the expressway into the shopping area of La Calmette, not Centre Ville (so it is more a small village than a Ville). At the roundabout you will see the Casino Supermarch\u00e9, where you can also get petrol. If you want to go to the Petit V\u00e9rger, turn right immediately after the roundabout. On the left you will see a bank with an ATM, then a pharmacy (mosquito repellent or spray) and then the Petit Verger on the left. <\/p>\n<p>To get out of there (one-way street), go straight on, take the next left, there are two bakeries on the left and right, continue straight on until you can turn left again and then left again, then you are at the casino.<\/p>\n<p>To get from the casino to Moul\u00e9zan, take the first exit on the right at the roundabout, D936, then take the second exit at the next roundabout, continue on the D936, about 5 minutes. After La R\u00e9glisserie there is a turn-off to the left towards Domessargues, D8. At Domessargues there is a cooperative on the left, turn left there onto the D123. Continue on this small road (not to Mauressargues) but stay right there on the D123. At the crossroads, go straight on to Moul\u00e9zan D123.<\/p>\n\t\t\t\t\t\t\t\t<\/div>\n\t\t\t\t<\/div>\n\t\t\t\t\t<\/div>\n\t\t<\/div>\n\t\t\t\t<div class=\"elementor-column elementor-col-50 elementor-top-column elementor-element elementor-element-d39da0c\" data-id=\"d39da0c\" data-element_type=\"column\" data-e-type=\"column\">\n\t\t\t<div class=\"elementor-widget-wrap elementor-element-populated\">\n\t\t\t\t\t\t<div class=\"elementor-element elementor-element-7bfce3f elementor-widget elementor-widget-heading\" data-id=\"7bfce3f\" data-element_type=\"widget\" data-e-type=\"widget\" data-widget_type=\"heading.default\">\n\t\t\t\t<div class=\"elementor-widget-container\">\n\t\t\t\t\t<h6 class=\"elementor-heading-title elementor-size-default\">Mas Vinson<\/h6>\t\t\t\t<\/div>\n\t\t\t\t<\/div>\n\t\t\t\t<div class=\"elementor-element elementor-element-ae7234f elementor-widget elementor-widget-heading\" data-id=\"ae7234f\" data-element_type=\"widget\" data-e-type=\"widget\" data-widget_type=\"heading.default\">\n\t\t\t\t<div class=\"elementor-widget-container\">\n\t\t\t\t\t<h2 class=\"elementor-heading-title elementor-size-default\">The most beautiful journey is to find your own route! It takes time and good maps. <\/h2>\t\t\t\t<\/div>\n\t\t\t\t<\/div>\n\t\t\t\t<div class=\"elementor-element elementor-element-c5f909e elementor-widget elementor-widget-text-editor\" data-id=\"c5f909e\" data-element_type=\"widget\" data-e-type=\"widget\" data-widget_type=\"text-editor.default\">\n\t\t\t\t<div class=\"elementor-widget-container\">\n\t\t\t\t\t\t\t\t\t<p><strong>By car, drive west past Grenoble.<\/strong><\/p>\n<p>Overview maps of France and detailed maps, Michelin 1:200,000, No. 523 or IGN 1:100,000, No. 66 Avignon\/Montpellier, are recommended.<\/p>\n<p>Coming from Lausanne, turn right at Geneva airport and at St. Julien, then drive in the direction of Annecy; or in Geneva, drive through the city, &#8220;Centre Ville, Lac&#8221;, over the Pont du Mont Blanc in the direction of Annemasse\/Annecy, briefly take the A40 in the direction of Chamonix, but then immediately turn off onto the A41 in the direction of Annecy. After Annecy, drive towards Lyon again, first A41, at the motorway junction towards Lyon (not Gronoble) change to A43, it is actually straight ahead. About 140km after Geneva, after La Tour-du-Pin, take the A48 towards Grenoble and Valance, at some point it becomes the A49 towards Valance, you never get to Grenoble but pass it to the west. At Valance (P\u00e9age) take the bypass in the direction of Marseille A7, approx. 10 km no real motorway. Then take the A7 towards N\u00eemes and stay on the Autoroute du Soleil. At Orange, turn right onto the A9 towards N\u00eemes, now it&#8217;s only one hour.  In N\u00eemes take the second exit l&#8217;Ouest for Al\u00e8s. After the P\u00e9age, go straight on at the big crossroads, direction Al\u00e8s. About 7 km later, there is a turn-off on the left towards L\u00e9dignan. The route now takes you on 2nd class roads through a lovely hilly area. After the village of Montagnac, turn left towards Moul\u00e9zan. <\/p>\n<p>At the entrance of the village of Moul\u00e9zan you will come to a roundabout, on the right is the large building of the wine cooperative. At the roundabout, turn left up the small road. The fourth entrance on the right (before the big arch that crosses the road) is our sliding gate that leads to the car park. Welcome to MAS VINSON!<\/p>\n\t\t\t\t\t\t\t\t<\/div>\n\t\t\t\t<\/div>\n\t\t\t\t\t<\/div>\n\t\t<\/div>\n\t\t\t\t\t<\/div>\n\t\t<\/section>\n\t\t\t\t<\/div>\n\t\t","protected":false},"excerpt":{"rendered":"<p>Directions How to find us If you like to do some shopping (drinks, fruit and snacks, mosquito bugs), we recommend going via la Calmette, where there is a regional vegetable and fruit shop &#8220;Le Petit V\u00e9rger&#8221; and a Casion Supermarch\u00e9. In N\u00eemes, take the second exit l&#8217;Ouest for Al\u00e8s. After the p\u00e9ageat the big crossroads, [&hellip;]<\/p>\n","protected":false},"author":1,"featured_media":0,"parent":0,"menu_order":0,"comment_status":"closed","ping_status":"closed","template":"elementor_header_footer","meta":{"footnotes":""},"class_list":["post-1088","page","type-page","status-publish","hentry"],"_links":{"self":[{"href":"https:\/\/www.frankreich-ferien.ch\/en\/wp-json\/wp\/v2\/pages\/1088","targetHints":{"allow":["GET"]}}],"collection":[{"href":"https:\/\/www.frankreich-ferien.ch\/en\/wp-json\/wp\/v2\/pages"}],"about":[{"href":"https:\/\/www.frankreich-ferien.ch\/en\/wp-json\/wp\/v2\/types\/page"}],"author":[{"embeddable":true,"href":"https:\/\/www.frankreich-ferien.ch\/en\/wp-json\/wp\/v2\/users\/1"}],"replies":[{"embeddable":true,"href":"https:\/\/www.frankreich-ferien.ch\/en\/wp-json\/wp\/v2\/comments?post=1088"}],"version-history":[{"count":2,"href":"https:\/\/www.frankreich-ferien.ch\/en\/wp-json\/wp\/v2\/pages\/1088\/revisions"}],"predecessor-version":[{"id":1476,"href":"https:\/\/www.frankreich-ferien.ch\/en\/wp-json\/wp\/v2\/pages\/1088\/revisions\/1476"}],"wp:attachment":[{"href":"https:\/\/www.frankreich-ferien.ch\/en\/wp-json\/wp\/v2\/media?parent=1088"}],"curies":[{"name":"wp","href":"https:\/\/api.w.org\/{rel}","templated":true}]}}