{"id":961,"date":"2021-08-09T15:53:55","date_gmt":"2021-08-09T15:53:55","guid":{"rendered":"https:\/\/www.frankreich-ferien.ch\/newweb\/activites-suedfrankreich-ferien\/"},"modified":"2026-02-16T10:59:47","modified_gmt":"2026-02-16T10:59:47","slug":"activites-suedfrankreich-ferien","status":"publish","type":"page","link":"https:\/\/www.frankreich-ferien.ch\/fr\/activites-suedfrankreich-ferien\/","title":{"rendered":"Activit\u00e9s-S\u00fcdfrankreich-Ferien"},"content":{"rendered":"\t\t<div data-elementor-type=\"wp-page\" data-elementor-id=\"961\" class=\"elementor elementor-961 elementor-546\" data-elementor-post-type=\"page\">\n\t\t\t\t\t\t<section class=\"elementor-section elementor-top-section elementor-element elementor-element-311e7922 elementor-section-boxed elementor-section-height-default elementor-section-height-default\" data-id=\"311e7922\" data-element_type=\"section\" data-e-type=\"section\" data-settings=\"{&quot;background_background&quot;:&quot;classic&quot;}\">\n\t\t\t\t\t\t\t<div class=\"elementor-background-overlay\"><\/div>\n\t\t\t\t\t\t\t<div class=\"elementor-container elementor-column-gap-default\">\n\t\t\t\t\t<div class=\"elementor-column elementor-col-100 elementor-top-column elementor-element elementor-element-62fe544c\" data-id=\"62fe544c\" data-element_type=\"column\" data-e-type=\"column\">\n\t\t\t<div class=\"elementor-widget-wrap elementor-element-populated\">\n\t\t\t\t\t\t<div class=\"elementor-element elementor-element-5a7f6c8e elementor-widget elementor-widget-heading\" data-id=\"5a7f6c8e\" data-element_type=\"widget\" data-e-type=\"widget\" data-widget_type=\"heading.default\">\n\t\t\t\t<div class=\"elementor-widget-container\">\n\t\t\t\t\t<h2 class=\"elementor-heading-title elementor-size-default\">Activit\u00e9s de vacances dans le Sud de la France<\/h2>\t\t\t\t<\/div>\n\t\t\t\t<\/div>\n\t\t\t\t<div class=\"elementor-element elementor-element-6acf72f6 elementor-widget elementor-widget-heading\" data-id=\"6acf72f6\" data-element_type=\"widget\" data-e-type=\"widget\" data-widget_type=\"heading.default\">\n\t\t\t\t<div class=\"elementor-widget-container\">\n\t\t\t\t\t<h6 class=\"elementor-heading-title elementor-size-default\">Loin du bruit et de l'agitation, en pleine nature.<\/h6>\t\t\t\t<\/div>\n\t\t\t\t<\/div>\n\t\t\t\t\t<\/div>\n\t\t<\/div>\n\t\t\t\t\t<\/div>\n\t\t<\/section>\n\t\t\t\t<section class=\"elementor-section elementor-top-section elementor-element elementor-element-34a62d5 elementor-section-content-middle elementor-section-boxed elementor-section-height-default elementor-section-height-default\" data-id=\"34a62d5\" data-element_type=\"section\" data-e-type=\"section\">\n\t\t\t\t\t\t<div class=\"elementor-container elementor-column-gap-default\">\n\t\t\t\t\t<div class=\"elementor-column elementor-col-50 elementor-top-column elementor-element elementor-element-d998a4a\" data-id=\"d998a4a\" data-element_type=\"column\" data-e-type=\"column\">\n\t\t\t<div class=\"elementor-widget-wrap elementor-element-populated\">\n\t\t\t\t\t\t<div class=\"elementor-element elementor-element-5ee5710 elementor-widget elementor-widget-gallery\" data-id=\"5ee5710\" data-element_type=\"widget\" data-e-type=\"widget\" data-settings=\"{&quot;gallery_layout&quot;:&quot;justified&quot;,&quot;lazyload&quot;:&quot;yes&quot;,&quot;ideal_row_height&quot;:{&quot;unit&quot;:&quot;px&quot;,&quot;size&quot;:200,&quot;sizes&quot;:[]},&quot;ideal_row_height_tablet&quot;:{&quot;unit&quot;:&quot;px&quot;,&quot;size&quot;:150,&quot;sizes&quot;:[]},&quot;ideal_row_height_mobile&quot;:{&quot;unit&quot;:&quot;px&quot;,&quot;size&quot;:150,&quot;sizes&quot;:[]},&quot;gap&quot;:{&quot;unit&quot;:&quot;px&quot;,&quot;size&quot;:10,&quot;sizes&quot;:[]},&quot;gap_tablet&quot;:{&quot;unit&quot;:&quot;px&quot;,&quot;size&quot;:10,&quot;sizes&quot;:[]},&quot;gap_mobile&quot;:{&quot;unit&quot;:&quot;px&quot;,&quot;size&quot;:10,&quot;sizes&quot;:[]},&quot;link_to&quot;:&quot;file&quot;,&quot;overlay_background&quot;:&quot;yes&quot;,&quot;content_hover_animation&quot;:&quot;fade-in&quot;}\" data-widget_type=\"gallery.default\">\n\t\t\t\t<div class=\"elementor-widget-container\">\n\t\t\t\t\t\t\t<div class=\"elementor-gallery__container\">\n\t\t\t\t\t\t\t<a class=\"e-gallery-item elementor-gallery-item elementor-animated-content\" href=\"https:\/\/www.frankreich-ferien.ch\/wp-content\/uploads\/2021\/08\/Le-Grau-du-Roi.jpg\" data-elementor-open-lightbox=\"yes\" data-elementor-lightbox-slideshow=\"5ee5710\" data-e-action-hash=\"#elementor-action%3Aaction%3Dlightbox%26settings%3DeyJpZCI6MTIwNCwidXJsIjoiaHR0cHM6XC9cL3d3dy5mcmFua3JlaWNoLWZlcmllbi5jaFwvd3AtY29udGVudFwvdXBsb2Fkc1wvMjAyMVwvMDhcL0xlLUdyYXUtZHUtUm9pLmpwZyIsInNsaWRlc2hvdyI6IjVlZTU3MTAifQ%3D%3D\">\n\t\t\t\t\t<div class=\"e-gallery-image elementor-gallery-item__image\" data-thumbnail=\"https:\/\/www.frankreich-ferien.ch\/wp-content\/uploads\/2021\/08\/Le-Grau-du-Roi.jpg\" data-width=\"700\" data-height=\"525\" aria-label=\"\" role=\"img\" ><\/div>\n\t\t\t\t\t\t\t\t\t\t\t<div class=\"elementor-gallery-item__overlay\"><\/div>\n\t\t\t\t\t\t\t\t\t\t\t\t\t\t<\/a>\n\t\t\t\t\t\t\t<a class=\"e-gallery-item elementor-gallery-item elementor-animated-content\" href=\"https:\/\/www.frankreich-ferien.ch\/wp-content\/uploads\/2021\/08\/Duenen-Etang.jpg\" data-elementor-open-lightbox=\"yes\" data-elementor-lightbox-slideshow=\"5ee5710\" data-e-action-hash=\"#elementor-action%3Aaction%3Dlightbox%26settings%3DeyJpZCI6MTIwMSwidXJsIjoiaHR0cHM6XC9cL3d3dy5mcmFua3JlaWNoLWZlcmllbi5jaFwvd3AtY29udGVudFwvdXBsb2Fkc1wvMjAyMVwvMDhcL0R1ZW5lbi1FdGFuZy5qcGciLCJzbGlkZXNob3ciOiI1ZWU1NzEwIn0%3D\">\n\t\t\t\t\t<div class=\"e-gallery-image elementor-gallery-item__image\" data-thumbnail=\"https:\/\/www.frankreich-ferien.ch\/wp-content\/uploads\/2021\/08\/Duenen-Etang.jpg\" data-width=\"700\" data-height=\"525\" aria-label=\"\" role=\"img\" ><\/div>\n\t\t\t\t\t\t\t\t\t\t\t<div class=\"elementor-gallery-item__overlay\"><\/div>\n\t\t\t\t\t\t\t\t\t\t\t\t\t\t<\/a>\n\t\t\t\t\t\t\t<a class=\"e-gallery-item elementor-gallery-item elementor-animated-content\" href=\"https:\/\/www.frankreich-ferien.ch\/wp-content\/uploads\/2021\/08\/Strandpromenade.jpg\" data-elementor-open-lightbox=\"yes\" data-elementor-lightbox-slideshow=\"5ee5710\" data-e-action-hash=\"#elementor-action%3Aaction%3Dlightbox%26settings%3DeyJpZCI6MTIwNywidXJsIjoiaHR0cHM6XC9cL3d3dy5mcmFua3JlaWNoLWZlcmllbi5jaFwvd3AtY29udGVudFwvdXBsb2Fkc1wvMjAyMVwvMDhcL1N0cmFuZHByb21lbmFkZS5qcGciLCJzbGlkZXNob3ciOiI1ZWU1NzEwIn0%3D\">\n\t\t\t\t\t<div class=\"e-gallery-image elementor-gallery-item__image\" data-thumbnail=\"https:\/\/www.frankreich-ferien.ch\/wp-content\/uploads\/2021\/08\/Strandpromenade.jpg\" data-width=\"700\" data-height=\"525\" aria-label=\"\" role=\"img\" ><\/div>\n\t\t\t\t\t\t\t\t\t\t\t<div class=\"elementor-gallery-item__overlay\"><\/div>\n\t\t\t\t\t\t\t\t\t\t\t\t\t\t<\/a>\n\t\t\t\t\t\t\t<a class=\"e-gallery-item elementor-gallery-item elementor-animated-content\" href=\"https:\/\/www.frankreich-ferien.ch\/wp-content\/uploads\/2021\/08\/frankreich-ferien-pferde.jpg\" data-elementor-open-lightbox=\"yes\" data-elementor-lightbox-slideshow=\"5ee5710\" data-e-action-hash=\"#elementor-action%3Aaction%3Dlightbox%26settings%3DeyJpZCI6ODE0LCJ1cmwiOiJodHRwczpcL1wvd3d3LmZyYW5rcmVpY2gtZmVyaWVuLmNoXC93cC1jb250ZW50XC91cGxvYWRzXC8yMDIxXC8wOFwvZnJhbmtyZWljaC1mZXJpZW4tcGZlcmRlLmpwZyIsInNsaWRlc2hvdyI6IjVlZTU3MTAifQ%3D%3D\">\n\t\t\t\t\t<div class=\"e-gallery-image elementor-gallery-item__image\" data-thumbnail=\"https:\/\/www.frankreich-ferien.ch\/wp-content\/uploads\/2021\/08\/frankreich-ferien-pferde-768x445.jpg\" data-width=\"768\" data-height=\"445\" aria-label=\"\" role=\"img\" ><\/div>\n\t\t\t\t\t\t\t\t\t\t\t<div class=\"elementor-gallery-item__overlay\"><\/div>\n\t\t\t\t\t\t\t\t\t\t\t\t\t\t<\/a>\n\t\t\t\t\t\t\t<a class=\"e-gallery-item elementor-gallery-item elementor-animated-content\" href=\"https:\/\/www.frankreich-ferien.ch\/wp-content\/uploads\/2021\/08\/restaurants-dorfleben.jpg\" data-elementor-open-lightbox=\"yes\" data-elementor-lightbox-slideshow=\"5ee5710\" data-e-action-hash=\"#elementor-action%3Aaction%3Dlightbox%26settings%3DeyJpZCI6ODE3LCJ1cmwiOiJodHRwczpcL1wvd3d3LmZyYW5rcmVpY2gtZmVyaWVuLmNoXC93cC1jb250ZW50XC91cGxvYWRzXC8yMDIxXC8wOFwvcmVzdGF1cmFudHMtZG9yZmxlYmVuLmpwZyIsInNsaWRlc2hvdyI6IjVlZTU3MTAifQ%3D%3D\">\n\t\t\t\t\t<div class=\"e-gallery-image elementor-gallery-item__image\" data-thumbnail=\"https:\/\/www.frankreich-ferien.ch\/wp-content\/uploads\/2021\/08\/restaurants-dorfleben.jpg\" data-width=\"640\" data-height=\"480\" aria-label=\"\" role=\"img\" ><\/div>\n\t\t\t\t\t\t\t\t\t\t\t<div class=\"elementor-gallery-item__overlay\"><\/div>\n\t\t\t\t\t\t\t\t\t\t\t\t\t\t<\/a>\n\t\t\t\t\t\t\t<a class=\"e-gallery-item elementor-gallery-item elementor-animated-content\" href=\"https:\/\/www.frankreich-ferien.ch\/wp-content\/uploads\/2021\/08\/turm-klein.jpg\" data-elementor-open-lightbox=\"yes\" data-elementor-lightbox-slideshow=\"5ee5710\" data-e-action-hash=\"#elementor-action%3Aaction%3Dlightbox%26settings%3DeyJpZCI6ODIzLCJ1cmwiOiJodHRwczpcL1wvd3d3LmZyYW5rcmVpY2gtZmVyaWVuLmNoXC93cC1jb250ZW50XC91cGxvYWRzXC8yMDIxXC8wOFwvdHVybS1rbGVpbi5qcGciLCJzbGlkZXNob3ciOiI1ZWU1NzEwIn0%3D\">\n\t\t\t\t\t<div class=\"e-gallery-image elementor-gallery-item__image\" data-thumbnail=\"https:\/\/www.frankreich-ferien.ch\/wp-content\/uploads\/2021\/08\/turm-klein.jpg\" data-width=\"640\" data-height=\"480\" aria-label=\"\" role=\"img\" ><\/div>\n\t\t\t\t\t\t\t\t\t\t\t<div class=\"elementor-gallery-item__overlay\"><\/div>\n\t\t\t\t\t\t\t\t\t\t\t\t\t\t<\/a>\n\t\t\t\t\t\t\t<a class=\"e-gallery-item elementor-gallery-item elementor-animated-content\" href=\"https:\/\/www.frankreich-ferien.ch\/wp-content\/uploads\/2021\/07\/frankreich-ferien-avignon.jpg\" data-elementor-open-lightbox=\"yes\" data-elementor-lightbox-slideshow=\"5ee5710\" data-e-action-hash=\"#elementor-action%3Aaction%3Dlightbox%26settings%3DeyJpZCI6OTg2LCJ1cmwiOiJodHRwczpcL1wvd3d3LmZyYW5rcmVpY2gtZmVyaWVuLmNoXC93cC1jb250ZW50XC91cGxvYWRzXC8yMDIxXC8wN1wvZnJhbmtyZWljaC1mZXJpZW4tYXZpZ25vbi5qcGciLCJzbGlkZXNob3ciOiI1ZWU1NzEwIn0%3D\">\n\t\t\t\t\t<div class=\"e-gallery-image elementor-gallery-item__image\" data-thumbnail=\"https:\/\/www.frankreich-ferien.ch\/wp-content\/uploads\/2021\/07\/frankreich-ferien-avignon.jpg\" data-width=\"700\" data-height=\"933\" aria-label=\"\" role=\"img\" ><\/div>\n\t\t\t\t\t\t\t\t\t\t\t<div class=\"elementor-gallery-item__overlay\"><\/div>\n\t\t\t\t\t\t\t\t\t\t\t\t\t\t<\/a>\n\t\t\t\t\t\t\t<a class=\"e-gallery-item elementor-gallery-item elementor-animated-content\" href=\"https:\/\/www.frankreich-ferien.ch\/wp-content\/uploads\/2021\/07\/frankreich-ferien-Cevennen.jpg\" data-elementor-open-lightbox=\"yes\" data-elementor-lightbox-slideshow=\"5ee5710\" data-e-action-hash=\"#elementor-action%3Aaction%3Dlightbox%26settings%3DeyJpZCI6OTg0LCJ1cmwiOiJodHRwczpcL1wvd3d3LmZyYW5rcmVpY2gtZmVyaWVuLmNoXC93cC1jb250ZW50XC91cGxvYWRzXC8yMDIxXC8wN1wvZnJhbmtyZWljaC1mZXJpZW4tQ2V2ZW5uZW4uanBnIiwic2xpZGVzaG93IjoiNWVlNTcxMCJ9\">\n\t\t\t\t\t<div class=\"e-gallery-image elementor-gallery-item__image\" data-thumbnail=\"https:\/\/www.frankreich-ferien.ch\/wp-content\/uploads\/2021\/07\/frankreich-ferien-Cevennen.jpg\" data-width=\"450\" data-height=\"600\" aria-label=\"\" role=\"img\" ><\/div>\n\t\t\t\t\t\t\t\t\t\t\t<div class=\"elementor-gallery-item__overlay\"><\/div>\n\t\t\t\t\t\t\t\t\t\t\t\t\t\t<\/a>\n\t\t\t\t\t\t\t<a class=\"e-gallery-item elementor-gallery-item elementor-animated-content\" href=\"https:\/\/www.frankreich-ferien.ch\/wp-content\/uploads\/2021\/08\/suedfrankreich-ferien-mas-vinson.jpg\" data-elementor-open-lightbox=\"yes\" data-elementor-lightbox-slideshow=\"5ee5710\" data-e-action-hash=\"#elementor-action%3Aaction%3Dlightbox%26settings%3DeyJpZCI6MTIxMCwidXJsIjoiaHR0cHM6XC9cL3d3dy5mcmFua3JlaWNoLWZlcmllbi5jaFwvd3AtY29udGVudFwvdXBsb2Fkc1wvMjAyMVwvMDhcL3N1ZWRmcmFua3JlaWNoLWZlcmllbi1tYXMtdmluc29uLmpwZyIsInNsaWRlc2hvdyI6IjVlZTU3MTAifQ%3D%3D\">\n\t\t\t\t\t<div class=\"e-gallery-image elementor-gallery-item__image\" data-thumbnail=\"https:\/\/www.frankreich-ferien.ch\/wp-content\/uploads\/2021\/08\/suedfrankreich-ferien-mas-vinson.jpg\" data-width=\"700\" data-height=\"467\" aria-label=\"\" role=\"img\" ><\/div>\n\t\t\t\t\t\t\t\t\t\t\t<div class=\"elementor-gallery-item__overlay\"><\/div>\n\t\t\t\t\t\t\t\t\t\t\t\t\t\t<\/a>\n\t\t\t\t\t\t\t<a class=\"e-gallery-item elementor-gallery-item elementor-animated-content\" href=\"https:\/\/www.frankreich-ferien.ch\/wp-content\/uploads\/2021\/08\/shoppping-masvinson.jpg\" data-elementor-open-lightbox=\"yes\" data-elementor-lightbox-slideshow=\"5ee5710\" data-e-action-hash=\"#elementor-action%3Aaction%3Dlightbox%26settings%3DeyJpZCI6ODIwLCJ1cmwiOiJodHRwczpcL1wvd3d3LmZyYW5rcmVpY2gtZmVyaWVuLmNoXC93cC1jb250ZW50XC91cGxvYWRzXC8yMDIxXC8wOFwvc2hvcHBwaW5nLW1hc3ZpbnNvbi5qcGciLCJzbGlkZXNob3ciOiI1ZWU1NzEwIn0%3D\">\n\t\t\t\t\t<div class=\"e-gallery-image elementor-gallery-item__image\" data-thumbnail=\"https:\/\/www.frankreich-ferien.ch\/wp-content\/uploads\/2021\/08\/shoppping-masvinson.jpg\" data-width=\"640\" data-height=\"480\" aria-label=\"\" role=\"img\" ><\/div>\n\t\t\t\t\t\t\t\t\t\t\t<div class=\"elementor-gallery-item__overlay\"><\/div>\n\t\t\t\t\t\t\t\t\t\t\t\t\t\t<\/a>\n\t\t\t\t\t\t\t<a class=\"e-gallery-item elementor-gallery-item elementor-animated-content\" href=\"https:\/\/www.frankreich-ferien.ch\/wp-content\/uploads\/2021\/07\/golf-frankreich-ferien.jpg\" data-elementor-open-lightbox=\"yes\" data-elementor-lightbox-slideshow=\"5ee5710\" data-e-action-hash=\"#elementor-action%3Aaction%3Dlightbox%26settings%3DeyJpZCI6OTgyLCJ1cmwiOiJodHRwczpcL1wvd3d3LmZyYW5rcmVpY2gtZmVyaWVuLmNoXC93cC1jb250ZW50XC91cGxvYWRzXC8yMDIxXC8wN1wvZ29sZi1mcmFua3JlaWNoLWZlcmllbi5qcGciLCJzbGlkZXNob3ciOiI1ZWU1NzEwIn0%3D\">\n\t\t\t\t\t<div class=\"e-gallery-image elementor-gallery-item__image\" data-thumbnail=\"https:\/\/www.frankreich-ferien.ch\/wp-content\/uploads\/2021\/07\/golf-frankreich-ferien-768x512.jpg\" data-width=\"768\" data-height=\"512\" aria-label=\"\" role=\"img\" ><\/div>\n\t\t\t\t\t\t\t\t\t\t\t<div class=\"elementor-gallery-item__overlay\"><\/div>\n\t\t\t\t\t\t\t\t\t\t\t\t\t\t<\/a>\n\t\t\t\t\t<\/div>\n\t\t\t\t\t<\/div>\n\t\t\t\t<\/div>\n\t\t\t\t\t<\/div>\n\t\t<\/div>\n\t\t\t\t<div class=\"elementor-column elementor-col-50 elementor-top-column elementor-element elementor-element-d39da0c\" data-id=\"d39da0c\" data-element_type=\"column\" data-e-type=\"column\">\n\t\t\t<div class=\"elementor-widget-wrap elementor-element-populated\">\n\t\t\t\t\t\t<div class=\"elementor-element elementor-element-7bfce3f elementor-widget elementor-widget-heading\" data-id=\"7bfce3f\" data-element_type=\"widget\" data-e-type=\"widget\" data-widget_type=\"heading.default\">\n\t\t\t\t<div class=\"elementor-widget-container\">\n\t\t\t\t\t<h6 class=\"elementor-heading-title elementor-size-default\">Destinations populaires<\/h6>\t\t\t\t<\/div>\n\t\t\t\t<\/div>\n\t\t\t\t<div class=\"elementor-element elementor-element-ae7234f elementor-widget elementor-widget-heading\" data-id=\"ae7234f\" data-element_type=\"widget\" data-e-type=\"widget\" data-widget_type=\"heading.default\">\n\t\t\t\t<div class=\"elementor-widget-container\">\n\t\t\t\t\t<h2 class=\"elementor-heading-title elementor-size-default\">Au MAS VINSON, vous pourrez passer vos vacances loin du bruit et de l'agitation.<\/h2>\t\t\t\t<\/div>\n\t\t\t\t<\/div>\n\t\t\t\t<div class=\"elementor-element elementor-element-ff92483 elementor-widget elementor-widget-text-editor\" data-id=\"ff92483\" data-element_type=\"widget\" data-e-type=\"widget\" data-widget_type=\"text-editor.default\">\n\t\t\t\t<div class=\"elementor-widget-container\">\n\t\t\t\t\t\t\t\t\tEt pourtant, les destinations d&rsquo;excursions populaires telles que les plages de dunes de la M\u00e9diterran\u00e9e, la Camargue, les villes pittoresques et historiquement int\u00e9ressantes comme Sommi\u00e8res, Anduze, Sauve, Uz\u00e8s, Remoulins, Avignon, Arles, Les Baux de Provence, St. R\u00e9my, Montpellier et N\u00eemes sont toutes proches.<br><br>D&rsquo;autres activit\u00e9s, en fonction de la saison et de vos souhaits personnels, sont propos\u00e9es :<br><ul>\r\n \t<li>Promenade \u00e0 cheval sur les chevaux de Camargue, qui sont faciles m\u00eame pour les d\u00e9butants, ou le\u00e7ons d&rsquo;\u00e9quitation dans un centre \u00e9questre.<\/li>\r\n \t<li>Cano\u00eb sur les rivi\u00e8res du Gardon (Pont-du-Gard), de l&rsquo;H\u00e9rault ou de l&rsquo;Ard\u00e8che \u00e0 travers un paysage pr\u00e9serv\u00e9.<\/li>\r\n \t<li>Promenades en bateau sur le canal Rh\u00f4ne-S\u00e8te<\/li>\r\n \t<li>P\u00eache sur les rives solitaires et r\u00eaveuses d&rsquo;une rivi\u00e8re<\/li>\r\n \t<li>Terrains de golf aux Hautes de N\u00eemes<\/li>\r\n \t<li>Visite des f\u00eates de village et des jeux \u00e9questres traditionnels<\/li>\r\n \t<li>Randonn\u00e9es cyclistes sur des routes secondaires pratiquement sans voiture<\/li>\r\n \t<li>Excursions d&rsquo;une journ\u00e9e vers des sites historiques et des march\u00e9s pittoresques<\/li>\r\n \t<li>Th\u00e9\u00e2tre et concerts en plein air dans des ar\u00e8nes, des villes historiques et les cours des ch\u00e2teaux.<\/li>\r\n<\/ul><br><a href=\"https:\/\/www.frankreich-ferien.ch\/fr\/logement-de-vacances\/\">Si vous \u00eates s\u00e9duit par notre offre de vacances, choisissez votre appartement de vacances dans l&rsquo;une des trois maisons typiquement proven\u00e7ales sur la base des descriptions suivantes.<\/a>\t\t\t\t\t\t\t\t<\/div>\n\t\t\t\t<\/div>\n\t\t\t\t<div class=\"elementor-element elementor-element-3d4eabd elementor-widget elementor-widget-button\" data-id=\"3d4eabd\" data-element_type=\"widget\" data-e-type=\"widget\" data-widget_type=\"button.default\">\n\t\t\t\t<div class=\"elementor-widget-container\">\n\t\t\t\t\t\t\t\t\t<div class=\"elementor-button-wrapper\">\n\t\t\t\t\t<a class=\"elementor-button elementor-button-link elementor-size-sm\" href=\"#elementor-action%3Aaction%3Dpopup%3Aopen%26settings%3DeyJpZCI6MTQ4NCwidG9nZ2xlIjpmYWxzZX0%3D\">\n\t\t\t\t\t\t<span class=\"elementor-button-content-wrapper\">\n\t\t\t\t\t\t\t\t\t<span class=\"elementor-button-text\">Cliquez ici pour plus d'informations sur l'\u00e9quitation \u00e0 Mas Vinson<\/span>\n\t\t\t\t\t<\/span>\n\t\t\t\t\t<\/a>\n\t\t\t\t<\/div>\n\t\t\t\t\t\t\t\t<\/div>\n\t\t\t\t<\/div>\n\t\t\t\t\t<\/div>\n\t\t<\/div>\n\t\t\t\t\t<\/div>\n\t\t<\/section>\n\t\t\t\t<section class=\"elementor-section elementor-top-section elementor-element elementor-element-7cfe6ebe elementor-section-boxed elementor-section-height-default elementor-section-height-default\" data-id=\"7cfe6ebe\" data-element_type=\"section\" data-e-type=\"section\" data-settings=\"{&quot;background_background&quot;:&quot;classic&quot;,&quot;motion_fx_motion_fx_scrolling&quot;:&quot;yes&quot;,&quot;motion_fx_scale_effect&quot;:&quot;yes&quot;,&quot;motion_fx_scale_direction&quot;:&quot;in-out&quot;,&quot;motion_fx_scale_range&quot;:{&quot;unit&quot;:&quot;%&quot;,&quot;size&quot;:&quot;&quot;,&quot;sizes&quot;:{&quot;start&quot;:0,&quot;end&quot;:80}},&quot;motion_fx_range&quot;:&quot;viewport&quot;,&quot;motion_fx_scale_speed&quot;:{&quot;unit&quot;:&quot;px&quot;,&quot;size&quot;:4,&quot;sizes&quot;:[]},&quot;motion_fx_devices&quot;:[&quot;desktop&quot;,&quot;tablet&quot;,&quot;mobile&quot;]}\">\n\t\t\t\t\t\t\t<div class=\"elementor-background-overlay\"><\/div>\n\t\t\t\t\t\t\t<div class=\"elementor-container elementor-column-gap-default\">\n\t\t\t\t\t<div class=\"elementor-column elementor-col-100 elementor-top-column elementor-element elementor-element-356ff571\" data-id=\"356ff571\" data-element_type=\"column\" data-e-type=\"column\">\n\t\t\t<div class=\"elementor-widget-wrap elementor-element-populated\">\n\t\t\t\t\t\t<div class=\"elementor-element elementor-element-47cffe43 elementor-widget__width-auto elementor-widget elementor-widget-video\" data-id=\"47cffe43\" data-element_type=\"widget\" data-e-type=\"widget\" data-settings=\"{&quot;youtube_url&quot;:&quot;https:\\\/\\\/www.youtube.com\\\/watch?v=38MsYfcAayk&quot;,&quot;show_image_overlay&quot;:&quot;yes&quot;,&quot;image_overlay&quot;:{&quot;url&quot;:&quot;https:\\\/\\\/frankreich-ferien.ch\\\/newweb\\\/wp-content\\\/uploads\\\/2021\\\/07\\\/video-icon.png&quot;,&quot;id&quot;:&quot;384&quot;,&quot;size&quot;:&quot;&quot;},&quot;lightbox&quot;:&quot;yes&quot;,&quot;video_type&quot;:&quot;youtube&quot;,&quot;controls&quot;:&quot;yes&quot;}\" data-widget_type=\"video.default\">\n\t\t\t\t<div class=\"elementor-widget-container\">\n\t\t\t\t\t\t\t<div class=\"elementor-wrapper elementor-open-lightbox\">\n\t\t\t\t\t\t\t<div class=\"elementor-custom-embed-image-overlay\" data-elementor-open-lightbox=\"yes\" data-elementor-lightbox=\"{&quot;type&quot;:&quot;video&quot;,&quot;videoType&quot;:&quot;youtube&quot;,&quot;url&quot;:&quot;https:\\\/\\\/www.youtube.com\\\/embed\\\/38MsYfcAayk?feature=oembed&amp;start&amp;end&amp;wmode=opaque&amp;loop=0&amp;controls=1&amp;mute=0&amp;rel=0&amp;cc_load_policy=0&quot;,&quot;autoplay&quot;:&quot;&quot;,&quot;modalOptions&quot;:{&quot;id&quot;:&quot;elementor-lightbox-47cffe43&quot;,&quot;entranceAnimation&quot;:&quot;&quot;,&quot;entranceAnimation_tablet&quot;:&quot;&quot;,&quot;entranceAnimation_mobile&quot;:&quot;&quot;,&quot;videoAspectRatio&quot;:&quot;169&quot;}}\" data-e-action-hash=\"#elementor-action%3Aaction%3Dlightbox%26settings%3DeyJ0eXBlIjoidmlkZW8iLCJ2aWRlb1R5cGUiOiJ5b3V0dWJlIiwidXJsIjoiaHR0cHM6XC9cL3d3dy55b3V0dWJlLmNvbVwvZW1iZWRcLzM4TXNZZmNBYXlrP2ZlYXR1cmU9b2VtYmVkJnN0YXJ0JmVuZCZ3bW9kZT1vcGFxdWUmbG9vcD0wJmNvbnRyb2xzPTEmbXV0ZT0wJnJlbD0wJmNjX2xvYWRfcG9saWN5PTAiLCJhdXRvcGxheSI6IiIsIm1vZGFsT3B0aW9ucyI6eyJpZCI6ImVsZW1lbnRvci1saWdodGJveC00N2NmZmU0MyIsImVudHJhbmNlQW5pbWF0aW9uIjoiIiwiZW50cmFuY2VBbmltYXRpb25fdGFibGV0IjoiIiwiZW50cmFuY2VBbmltYXRpb25fbW9iaWxlIjoiIiwidmlkZW9Bc3BlY3RSYXRpbyI6IjE2OSJ9fQ%3D%3D\">\n\t\t\t\t\t\t\t\t\t\t\t<img decoding=\"async\" width=\"120\" height=\"120\" src=\"https:\/\/www.frankreich-ferien.ch\/wp-content\/uploads\/2021\/07\/video-icon.png\" class=\"attachment-full size-full wp-image-384\" alt=\"\" \/>\t\t\t\t\t\t\t\t\t\t\t\t\t\t<\/div>\n\t\t\t\t\t<\/div>\n\t\t\t\t\t\t<\/div>\n\t\t\t\t<\/div>\n\t\t\t\t<div class=\"elementor-element elementor-element-2508f6fc elementor-widget elementor-widget-heading\" data-id=\"2508f6fc\" data-element_type=\"widget\" data-e-type=\"widget\" data-widget_type=\"heading.default\">\n\t\t\t\t<div class=\"elementor-widget-container\">\n\t\t\t\t\t<h2 class=\"elementor-heading-title elementor-size-default\">Regardez la visite vid\u00e9o de notre projet!<\/h2>\t\t\t\t<\/div>\n\t\t\t\t<\/div>\n\t\t\t\t\t<\/div>\n\t\t<\/div>\n\t\t\t\t\t<\/div>\n\t\t<\/section>\n\t\t\t\t<section class=\"elementor-section elementor-top-section elementor-element elementor-element-1fddb26e elementor-section-boxed elementor-section-height-default elementor-section-height-default\" data-id=\"1fddb26e\" data-element_type=\"section\" data-e-type=\"section\" data-settings=\"{&quot;background_background&quot;:&quot;classic&quot;}\">\n\t\t\t\t\t\t\t<div class=\"elementor-background-overlay\"><\/div>\n\t\t\t\t\t\t\t<div class=\"elementor-container elementor-column-gap-default\">\n\t\t\t\t\t<div class=\"elementor-column elementor-col-100 elementor-top-column elementor-element elementor-element-62a4d2d5\" data-id=\"62a4d2d5\" data-element_type=\"column\" data-e-type=\"column\">\n\t\t\t<div class=\"elementor-widget-wrap elementor-element-populated\">\n\t\t\t\t\t\t<div class=\"elementor-element elementor-element-348b42fd elementor-widget elementor-widget-heading\" data-id=\"348b42fd\" data-element_type=\"widget\" data-e-type=\"widget\" data-widget_type=\"heading.default\">\n\t\t\t\t<div class=\"elementor-widget-container\">\n\t\t\t\t\t<h6 class=\"elementor-heading-title elementor-size-default\">NOUS CONTACTER<\/h6>\t\t\t\t<\/div>\n\t\t\t\t<\/div>\n\t\t\t\t<div class=\"elementor-element elementor-element-42c69624 elementor-widget elementor-widget-heading\" data-id=\"42c69624\" data-element_type=\"widget\" data-e-type=\"widget\" data-widget_type=\"heading.default\">\n\t\t\t\t<div class=\"elementor-widget-container\">\n\t\t\t\t\t<h2 class=\"elementor-heading-title elementor-size-default\">Nous aimerions cr\u00e9er une offre pour vous!<\/h2>\t\t\t\t<\/div>\n\t\t\t\t<\/div>\n\t\t\t\t<div class=\"elementor-element elementor-element-63a66639 elementor-align-center elementor-widget elementor-widget-button\" data-id=\"63a66639\" data-element_type=\"widget\" data-e-type=\"widget\" data-widget_type=\"button.default\">\n\t\t\t\t<div class=\"elementor-widget-container\">\n\t\t\t\t\t\t\t\t\t<div class=\"elementor-button-wrapper\">\n\t\t\t\t\t<a class=\"elementor-button elementor-button-link elementor-size-sm\" href=\"https:\/\/www.frankreich-ferien.ch\/fr\/contact-frankreich-ferien\/#kontakt\">\n\t\t\t\t\t\t<span class=\"elementor-button-content-wrapper\">\n\t\t\t\t\t\t\t\t\t<span class=\"elementor-button-text\">Demander une offre<\/span>\n\t\t\t\t\t<\/span>\n\t\t\t\t\t<\/a>\n\t\t\t\t<\/div>\n\t\t\t\t\t\t\t\t<\/div>\n\t\t\t\t<\/div>\n\t\t\t\t\t<\/div>\n\t\t<\/div>\n\t\t\t\t\t<\/div>\n\t\t<\/section>\n\t\t\t\t<\/div>\n\t\t","protected":false},"excerpt":{"rendered":"<p>Activit\u00e9s de vacances dans le Sud de la France Loin du bruit et de l&rsquo;agitation, en pleine nature. Destinations populaires Au MAS VINSON, vous pourrez passer vos vacances loin du bruit et de l&rsquo;agitation. Et pourtant, les destinations d&rsquo;excursions populaires telles que les plages de dunes de la M\u00e9diterran\u00e9e, la Camargue, les villes pittoresques et [&hellip;]<\/p>\n","protected":false},"author":1,"featured_media":0,"parent":0,"menu_order":0,"comment_status":"closed","ping_status":"closed","template":"elementor_header_footer","meta":{"footnotes":""},"class_list":["post-961","page","type-page","status-publish","hentry"],"_links":{"self":[{"href":"https:\/\/www.frankreich-ferien.ch\/fr\/wp-json\/wp\/v2\/pages\/961","targetHints":{"allow":["GET"]}}],"collection":[{"href":"https:\/\/www.frankreich-ferien.ch\/fr\/wp-json\/wp\/v2\/pages"}],"about":[{"href":"https:\/\/www.frankreich-ferien.ch\/fr\/wp-json\/wp\/v2\/types\/page"}],"author":[{"embeddable":true,"href":"https:\/\/www.frankreich-ferien.ch\/fr\/wp-json\/wp\/v2\/users\/1"}],"replies":[{"embeddable":true,"href":"https:\/\/www.frankreich-ferien.ch\/fr\/wp-json\/wp\/v2\/comments?post=961"}],"version-history":[{"count":16,"href":"https:\/\/www.frankreich-ferien.ch\/fr\/wp-json\/wp\/v2\/pages\/961\/revisions"}],"predecessor-version":[{"id":1803,"href":"https:\/\/www.frankreich-ferien.ch\/fr\/wp-json\/wp\/v2\/pages\/961\/revisions\/1803"}],"wp:attachment":[{"href":"https:\/\/www.frankreich-ferien.ch\/fr\/wp-json\/wp\/v2\/media?parent=961"}],"curies":[{"name":"wp","href":"https:\/\/api.w.org\/{rel}","templated":true}]}}