{"id":989,"date":"2021-08-09T15:59:47","date_gmt":"2021-08-09T15:59:47","guid":{"rendered":"https:\/\/www.frankreich-ferien.ch\/newweb\/evenements-suedfrankreich-ferien\/"},"modified":"2021-08-31T15:02:59","modified_gmt":"2021-08-31T15:02:59","slug":"evenements-suedfrankreich-ferien","status":"publish","type":"page","link":"https:\/\/www.frankreich-ferien.ch\/fr\/evenements-suedfrankreich-ferien\/","title":{"rendered":"Ev\u00e9nements-S\u00fcdfrankreich-Ferien"},"content":{"rendered":"\t\t<div data-elementor-type=\"wp-page\" data-elementor-id=\"989\" class=\"elementor elementor-989 elementor-690\" data-elementor-post-type=\"page\">\n\t\t\t\t\t\t<section class=\"elementor-section elementor-top-section elementor-element elementor-element-311e7922 elementor-section-boxed elementor-section-height-default elementor-section-height-default\" data-id=\"311e7922\" data-element_type=\"section\" data-e-type=\"section\" data-settings=\"{&quot;background_background&quot;:&quot;classic&quot;}\">\n\t\t\t\t\t\t\t<div class=\"elementor-background-overlay\"><\/div>\n\t\t\t\t\t\t\t<div class=\"elementor-container elementor-column-gap-default\">\n\t\t\t\t\t<div class=\"elementor-column elementor-col-100 elementor-top-column elementor-element elementor-element-62fe544c\" data-id=\"62fe544c\" data-element_type=\"column\" data-e-type=\"column\">\n\t\t\t<div class=\"elementor-widget-wrap elementor-element-populated\">\n\t\t\t\t\t\t<div class=\"elementor-element elementor-element-5a7f6c8e elementor-widget elementor-widget-heading\" data-id=\"5a7f6c8e\" data-element_type=\"widget\" data-e-type=\"widget\" data-widget_type=\"heading.default\">\n\t\t\t\t<div class=\"elementor-widget-container\">\n\t\t\t\t\t<h2 class=\"elementor-heading-title elementor-size-default\">\u00c9v\u00e9nements et Nouveaut\u00e9s<\/h2>\t\t\t\t<\/div>\n\t\t\t\t<\/div>\n\t\t\t\t<div class=\"elementor-element elementor-element-6acf72f6 elementor-widget elementor-widget-heading\" data-id=\"6acf72f6\" data-element_type=\"widget\" data-e-type=\"widget\" data-widget_type=\"heading.default\">\n\t\t\t\t<div class=\"elementor-widget-container\">\n\t\t\t\t\t<h6 class=\"elementor-heading-title elementor-size-default\">Nouvelles du Mas Vinson Moul\u00e9zan, Sud de la France<\/h6>\t\t\t\t<\/div>\n\t\t\t\t<\/div>\n\t\t\t\t\t<\/div>\n\t\t<\/div>\n\t\t\t\t\t<\/div>\n\t\t<\/section>\n\t\t\t\t<section class=\"elementor-section elementor-top-section elementor-element elementor-element-7d2a890 elementor-section-content-middle elementor-section-boxed elementor-section-height-default elementor-section-height-default\" data-id=\"7d2a890\" data-element_type=\"section\" data-e-type=\"section\">\n\t\t\t\t\t\t<div class=\"elementor-container elementor-column-gap-default\">\n\t\t\t\t\t<div class=\"elementor-column elementor-col-100 elementor-top-column elementor-element elementor-element-2a5cf1f\" data-id=\"2a5cf1f\" data-element_type=\"column\" data-e-type=\"column\">\n\t\t\t<div class=\"elementor-widget-wrap elementor-element-populated\">\n\t\t\t\t\t\t<div class=\"elementor-element elementor-element-42bdd61 elementor-grid-3 elementor-grid-tablet-2 elementor-grid-mobile-1 elementor-posts--thumbnail-top elementor-widget elementor-widget-posts\" data-id=\"42bdd61\" data-element_type=\"widget\" data-e-type=\"widget\" data-settings=\"{&quot;classic_columns&quot;:&quot;3&quot;,&quot;classic_columns_tablet&quot;:&quot;2&quot;,&quot;classic_columns_mobile&quot;:&quot;1&quot;,&quot;classic_row_gap&quot;:{&quot;unit&quot;:&quot;px&quot;,&quot;size&quot;:35,&quot;sizes&quot;:[]},&quot;classic_row_gap_tablet&quot;:{&quot;unit&quot;:&quot;px&quot;,&quot;size&quot;:&quot;&quot;,&quot;sizes&quot;:[]},&quot;classic_row_gap_mobile&quot;:{&quot;unit&quot;:&quot;px&quot;,&quot;size&quot;:&quot;&quot;,&quot;sizes&quot;:[]}}\" data-widget_type=\"posts.classic\">\n\t\t\t\t<div class=\"elementor-widget-container\">\n\t\t\t\t\t\t\t<div class=\"elementor-posts-container elementor-posts elementor-posts--skin-classic elementor-grid\" role=\"list\">\n\t\t\t\t<article class=\"elementor-post elementor-grid-item post-1051 post type-post status-publish format-standard has-post-thumbnail hentry category-kurse-fr category-non-classifiee\" role=\"listitem\">\n\t\t\t\t<a class=\"elementor-post__thumbnail__link\" href=\"https:\/\/www.frankreich-ferien.ch\/fr\/conscience-de-soi-en-groupe-4-au-11-septembre-2021\/\" tabindex=\"-1\" >\n\t\t\t<div class=\"elementor-post__thumbnail\"><img fetchpriority=\"high\" decoding=\"async\" width=\"300\" height=\"225\" src=\"https:\/\/www.frankreich-ferien.ch\/wp-content\/uploads\/2021\/07\/vieille-maison-aussen-300x225.jpg\" class=\"attachment-medium size-medium wp-image-905\" alt=\"\" srcset=\"https:\/\/www.frankreich-ferien.ch\/wp-content\/uploads\/2021\/07\/vieille-maison-aussen-300x225.jpg 300w, https:\/\/www.frankreich-ferien.ch\/wp-content\/uploads\/2021\/07\/vieille-maison-aussen-768x576.jpg 768w, https:\/\/www.frankreich-ferien.ch\/wp-content\/uploads\/2021\/07\/vieille-maison-aussen.jpg 800w\" sizes=\"(max-width: 300px) 100vw, 300px\" \/><\/div>\n\t\t<\/a>\n\t\t\t\t<div class=\"elementor-post__text\">\n\t\t\t\t<h3 class=\"elementor-post__title\">\n\t\t\t<a href=\"https:\/\/www.frankreich-ferien.ch\/fr\/conscience-de-soi-en-groupe-4-au-11-septembre-2021\/\" >\n\t\t\t\tConscience de soi en groupe \u2013 2026\t\t\t<\/a>\n\t\t<\/h3>\n\t\t\t\t<div class=\"elementor-post__excerpt\">\n\t\t\t<p>Cadre conceptuel: Le soi est compos\u00e9 des images que nous avons de nous-m\u00eames (image de soi), du flux d&rsquo;attention de la pleine conscience que nous<\/p>\n\t\t<\/div>\n\t\t\n\t\t<a class=\"elementor-post__read-more\" href=\"https:\/\/www.frankreich-ferien.ch\/fr\/conscience-de-soi-en-groupe-4-au-11-septembre-2021\/\" aria-label=\"En savoir plus sur Conscience de soi en groupe \u2013 2026\" tabindex=\"-1\" >\n\t\t\tPlus d'informations \u00bb\t\t<\/a>\n\n\t\t\t\t<\/div>\n\t\t\t\t<\/article>\n\t\t\t\t<article class=\"elementor-post elementor-grid-item post-1053 post type-post status-publish format-standard has-post-thumbnail hentry category-kurse-fr category-non-classifiee\" role=\"listitem\">\n\t\t\t\t<a class=\"elementor-post__thumbnail__link\" href=\"https:\/\/www.frankreich-ferien.ch\/fr\/tango-argentino-juillet-2022\/\" tabindex=\"-1\" >\n\t\t\t<div class=\"elementor-post__thumbnail\"><img decoding=\"async\" width=\"300\" height=\"176\" src=\"https:\/\/www.frankreich-ferien.ch\/wp-content\/uploads\/2021\/05\/Frankreich-Ferien-mieten-1030x603-1-300x176.jpg\" class=\"attachment-medium size-medium wp-image-1054\" alt=\"\" srcset=\"https:\/\/www.frankreich-ferien.ch\/wp-content\/uploads\/2021\/05\/Frankreich-Ferien-mieten-1030x603-1-300x176.jpg 300w, https:\/\/www.frankreich-ferien.ch\/wp-content\/uploads\/2021\/05\/Frankreich-Ferien-mieten-1030x603-1-1024x599.jpg 1024w, https:\/\/www.frankreich-ferien.ch\/wp-content\/uploads\/2021\/05\/Frankreich-Ferien-mieten-1030x603-1-768x450.jpg 768w, https:\/\/www.frankreich-ferien.ch\/wp-content\/uploads\/2021\/05\/Frankreich-Ferien-mieten-1030x603-1.jpg 1030w\" sizes=\"(max-width: 300px) 100vw, 300px\" \/><\/div>\n\t\t<\/a>\n\t\t\t\t<div class=\"elementor-post__text\">\n\t\t\t\t<h3 class=\"elementor-post__title\">\n\t\t\t<a href=\"https:\/\/www.frankreich-ferien.ch\/fr\/tango-argentino-juillet-2022\/\" >\n\t\t\t\tDanser \u2013 Tango &#8211; Du 25 juillet au 1er ao\u00fbt 2026\t\t\t<\/a>\n\t\t<\/h3>\n\t\t\t\t<div class=\"elementor-post__excerpt\">\n\t\t\t<p>Pour nos stagiaires, une ancienne cave \u00e0 vin (130 m2) a \u00e9t\u00e9 transform\u00e9e en une salle de danse romantique avec une super piste de danse<\/p>\n\t\t<\/div>\n\t\t\n\t\t<a class=\"elementor-post__read-more\" href=\"https:\/\/www.frankreich-ferien.ch\/fr\/tango-argentino-juillet-2022\/\" aria-label=\"En savoir plus sur Danser \u2013 Tango &#8211; Du 25 juillet au 1er ao\u00fbt 2026\" tabindex=\"-1\" >\n\t\t\tPlus d'informations \u00bb\t\t<\/a>\n\n\t\t\t\t<\/div>\n\t\t\t\t<\/article>\n\t\t\t\t<\/div>\n\t\t\n\t\t\t\t\t\t<\/div>\n\t\t\t\t<\/div>\n\t\t\t\t\t<\/div>\n\t\t<\/div>\n\t\t\t\t\t<\/div>\n\t\t<\/section>\n\t\t\t\t<section class=\"elementor-section elementor-top-section elementor-element elementor-element-1fddb26e elementor-section-boxed elementor-section-height-default elementor-section-height-default\" data-id=\"1fddb26e\" data-element_type=\"section\" data-e-type=\"section\" data-settings=\"{&quot;background_background&quot;:&quot;classic&quot;}\">\n\t\t\t\t\t\t\t<div class=\"elementor-background-overlay\"><\/div>\n\t\t\t\t\t\t\t<div class=\"elementor-container elementor-column-gap-default\">\n\t\t\t\t\t<div class=\"elementor-column elementor-col-100 elementor-top-column elementor-element elementor-element-62a4d2d5\" data-id=\"62a4d2d5\" data-element_type=\"column\" data-e-type=\"column\">\n\t\t\t<div class=\"elementor-widget-wrap elementor-element-populated\">\n\t\t\t\t\t\t<div class=\"elementor-element elementor-element-348b42fd elementor-widget elementor-widget-heading\" data-id=\"348b42fd\" data-element_type=\"widget\" data-e-type=\"widget\" data-widget_type=\"heading.default\">\n\t\t\t\t<div class=\"elementor-widget-container\">\n\t\t\t\t\t<h6 class=\"elementor-heading-title elementor-size-default\">NOUS CONTACTER<\/h6>\t\t\t\t<\/div>\n\t\t\t\t<\/div>\n\t\t\t\t<div class=\"elementor-element elementor-element-42c69624 elementor-widget elementor-widget-heading\" data-id=\"42c69624\" data-element_type=\"widget\" data-e-type=\"widget\" data-widget_type=\"heading.default\">\n\t\t\t\t<div class=\"elementor-widget-container\">\n\t\t\t\t\t<h2 class=\"elementor-heading-title elementor-size-default\">Nous aimerions cr\u00e9er une offre pour vous!<\/h2>\t\t\t\t<\/div>\n\t\t\t\t<\/div>\n\t\t\t\t<div class=\"elementor-element elementor-element-63a66639 elementor-align-center elementor-widget elementor-widget-button\" data-id=\"63a66639\" data-element_type=\"widget\" data-e-type=\"widget\" data-widget_type=\"button.default\">\n\t\t\t\t<div class=\"elementor-widget-container\">\n\t\t\t\t\t\t\t\t\t<div class=\"elementor-button-wrapper\">\n\t\t\t\t\t<a class=\"elementor-button elementor-button-link elementor-size-sm\" href=\"https:\/\/www.frankreich-ferien.ch\/fr\/contact-frankreich-ferien\/#kontakt\">\n\t\t\t\t\t\t<span class=\"elementor-button-content-wrapper\">\n\t\t\t\t\t\t\t\t\t<span class=\"elementor-button-text\">Demander une offre<\/span>\n\t\t\t\t\t<\/span>\n\t\t\t\t\t<\/a>\n\t\t\t\t<\/div>\n\t\t\t\t\t\t\t\t<\/div>\n\t\t\t\t<\/div>\n\t\t\t\t\t<\/div>\n\t\t<\/div>\n\t\t\t\t\t<\/div>\n\t\t<\/section>\n\t\t\t\t<\/div>\n\t\t","protected":false},"excerpt":{"rendered":"<p>\u00c9v\u00e9nements et Nouveaut\u00e9s Nouvelles du Mas Vinson Moul\u00e9zan, Sud de la France NOUS CONTACTER Nous aimerions cr\u00e9er une offre pour vous! Demander une offre<\/p>\n","protected":false},"author":1,"featured_media":0,"parent":0,"menu_order":0,"comment_status":"closed","ping_status":"closed","template":"elementor_header_footer","meta":{"footnotes":""},"class_list":["post-989","page","type-page","status-publish","hentry"],"_links":{"self":[{"href":"https:\/\/www.frankreich-ferien.ch\/fr\/wp-json\/wp\/v2\/pages\/989","targetHints":{"allow":["GET"]}}],"collection":[{"href":"https:\/\/www.frankreich-ferien.ch\/fr\/wp-json\/wp\/v2\/pages"}],"about":[{"href":"https:\/\/www.frankreich-ferien.ch\/fr\/wp-json\/wp\/v2\/types\/page"}],"author":[{"embeddable":true,"href":"https:\/\/www.frankreich-ferien.ch\/fr\/wp-json\/wp\/v2\/users\/1"}],"replies":[{"embeddable":true,"href":"https:\/\/www.frankreich-ferien.ch\/fr\/wp-json\/wp\/v2\/comments?post=989"}],"version-history":[{"count":6,"href":"https:\/\/www.frankreich-ferien.ch\/fr\/wp-json\/wp\/v2\/pages\/989\/revisions"}],"predecessor-version":[{"id":1587,"href":"https:\/\/www.frankreich-ferien.ch\/fr\/wp-json\/wp\/v2\/pages\/989\/revisions\/1587"}],"wp:attachment":[{"href":"https:\/\/www.frankreich-ferien.ch\/fr\/wp-json\/wp\/v2\/media?parent=989"}],"curies":[{"name":"wp","href":"https:\/\/api.w.org\/{rel}","templated":true}]}}